{"id":5,"date":"2016-07-26T10:14:46","date_gmt":"2016-07-26T08:14:46","guid":{"rendered":"http:\/\/leeuw.vergetest.nl\/?page_id=5"},"modified":"2018-03-31T12:58:00","modified_gmt":"2018-03-31T10:58:00","slug":"kamperen","status":"publish","type":"page","link":"https:\/\/www.leeuwendamme.nl\/de\/kamperen\/","title":{"rendered":"Campingplatz"},"content":{"rendered":"<p><div class=\"col2 shortcol  \" data-width=\"\" ><\/p>\n<h1>Campingplatz<\/h1>\n<p>Auf unserem Camping befinden sich 20 Stellpl\u00e4tze voneinander abgetrennt<em>\u00a0<\/em>und grossz\u00fcgig angelegt. Vierzehn Pl\u00e4tze sind ca. 200 m2. Diese Pl\u00e4tze verf\u00fcgen \u00fcber einen Stromanschluss von 10 ampere, fliessend Wasser und Abfuhr.<\/p>\n<p>Die \u00fcbrigen Pl\u00e4tze sind etwas kleiner aber verf\u00fcgen auch\u00a0\u00fcber einen Stromanschluss von\u00a010 ampere, fliessend Wasser und Abfuhr.<\/p>\n<p>Auf unseren Camping k\u00f6nnen Sie kommen mit<\/p>\n<ul>\n<li>Wohnwagen<\/li>\n<li>Zelt<\/li>\n<li>Wohnmobil<\/li>\n<li>Zeltanh\u00e4nger<\/li>\n<\/ul>\n<p><\/div><div class=\"col2 shortcol  \" data-width=\"\" ><\/p>\n\n\t\t<style type=\"text\/css\">\n\t\t\t#gallery-3 {\n\t\t\t\tmargin: auto;\n\t\t\t}\n\t\t\t#gallery-3 .gallery-item {\n\t\t\t\tfloat: left;\n\t\t\t\tmargin-top: 10px;\n\t\t\t\ttext-align: center;\n\t\t\t\twidth: 33%;\n\t\t\t}\n\t\t\t#gallery-3 img {\n\t\t\t\tborder: 2px solid #cfcfcf;\n\t\t\t}\n\t\t\t#gallery-3 .gallery-caption {\n\t\t\t\tmargin-left: 0;\n\t\t\t}\n\t\t\t\/* see gallery_shortcode() in wp-includes\/media.php *\/\n\t\t<\/style>\n\t\t<div data-gallery-style=\"2\" id='gallery-3' class='gallery galleryid-5 gallery-columns-3 gallery-size-medium'><dl class='gallery-item'>\n\t\t\t<dt class='gallery-icon landscape'>\n\t\t\t\t<a href='https:\/\/www.leeuwendamme.nl\/wp-content\/uploads\/2016\/07\/DSC05284.jpg'><img loading=\"lazy\" decoding=\"async\" width=\"300\" height=\"201\" src=\"https:\/\/www.leeuwendamme.nl\/wp-content\/uploads\/2016\/07\/DSC05284-300x201.jpg\" class=\"attachment-medium size-medium\" alt=\"\" aria-describedby=\"gallery-3-250\" srcset=\"https:\/\/www.leeuwendamme.nl\/wp-content\/uploads\/2016\/07\/DSC05284-300x201.jpg 300w, https:\/\/www.leeuwendamme.nl\/wp-content\/uploads\/2016\/07\/DSC05284-768x514.jpg 768w, https:\/\/www.leeuwendamme.nl\/wp-content\/uploads\/2016\/07\/DSC05284.jpg 1024w\" sizes=\"auto, (max-width: 300px) 100vw, 300px\" \/><\/a>\n\t\t\t<\/dt>\n\t\t\t\t<dd class='wp-caption-text gallery-caption' id='gallery-3-250'>\n\t\t\t\tHeerlijke ruime kampeerplaatsen\n\t\t\t\t<\/dd><\/dl><dl class='gallery-item'>\n\t\t\t<dt class='gallery-icon landscape'>\n\t\t\t\t<a href='https:\/\/www.leeuwendamme.nl\/wp-content\/uploads\/2016\/07\/DSC05264.jpg'><img loading=\"lazy\" decoding=\"async\" width=\"300\" height=\"201\" src=\"https:\/\/www.leeuwendamme.nl\/wp-content\/uploads\/2016\/07\/DSC05264-300x201.jpg\" class=\"attachment-medium size-medium\" alt=\"\" srcset=\"https:\/\/www.leeuwendamme.nl\/wp-content\/uploads\/2016\/07\/DSC05264-300x201.jpg 300w, https:\/\/www.leeuwendamme.nl\/wp-content\/uploads\/2016\/07\/DSC05264-768x514.jpg 768w, https:\/\/www.leeuwendamme.nl\/wp-content\/uploads\/2016\/07\/DSC05264.jpg 1024w\" sizes=\"auto, (max-width: 300px) 100vw, 300px\" \/><\/a>\n\t\t\t<\/dt><\/dl><dl class='gallery-item'>\n\t\t\t<dt class='gallery-icon landscape'>\n\t\t\t\t<a href='https:\/\/www.leeuwendamme.nl\/wp-content\/uploads\/2016\/07\/DSC05260.jpg'><img loading=\"lazy\" decoding=\"async\" width=\"300\" height=\"201\" src=\"https:\/\/www.leeuwendamme.nl\/wp-content\/uploads\/2016\/07\/DSC05260-300x201.jpg\" class=\"attachment-medium size-medium\" alt=\"\" srcset=\"https:\/\/www.leeuwendamme.nl\/wp-content\/uploads\/2016\/07\/DSC05260-300x201.jpg 300w, https:\/\/www.leeuwendamme.nl\/wp-content\/uploads\/2016\/07\/DSC05260-768x514.jpg 768w, https:\/\/www.leeuwendamme.nl\/wp-content\/uploads\/2016\/07\/DSC05260.jpg 1024w\" sizes=\"auto, (max-width: 300px) 100vw, 300px\" \/><\/a>\n\t\t\t<\/dt><\/dl><br style=\"clear: both\" \/><dl class='gallery-item'>\n\t\t\t<dt class='gallery-icon landscape'>\n\t\t\t\t<a href='https:\/\/www.leeuwendamme.nl\/wp-content\/uploads\/2016\/07\/DSC05290.jpg'><img loading=\"lazy\" decoding=\"async\" width=\"300\" height=\"201\" src=\"https:\/\/www.leeuwendamme.nl\/wp-content\/uploads\/2016\/07\/DSC05290-300x201.jpg\" class=\"attachment-medium size-medium\" alt=\"\" aria-describedby=\"gallery-3-256\" srcset=\"https:\/\/www.leeuwendamme.nl\/wp-content\/uploads\/2016\/07\/DSC05290-300x201.jpg 300w, https:\/\/www.leeuwendamme.nl\/wp-content\/uploads\/2016\/07\/DSC05290-768x514.jpg 768w, https:\/\/www.leeuwendamme.nl\/wp-content\/uploads\/2016\/07\/DSC05290.jpg 1024w\" sizes=\"auto, (max-width: 300px) 100vw, 300px\" \/><\/a>\n\t\t\t<\/dt>\n\t\t\t\t<dd class='wp-caption-text gallery-caption' id='gallery-3-256'>\n\t\t\t\tDe speeltuin\n\t\t\t\t<\/dd><\/dl><dl class='gallery-item'>\n\t\t\t<dt class='gallery-icon landscape'>\n\t\t\t\t<a href='https:\/\/www.leeuwendamme.nl\/wp-content\/uploads\/2016\/07\/DSC05282.jpg'><img loading=\"lazy\" decoding=\"async\" width=\"300\" height=\"201\" src=\"https:\/\/www.leeuwendamme.nl\/wp-content\/uploads\/2016\/07\/DSC05282-300x201.jpg\" class=\"attachment-medium size-medium\" alt=\"\" srcset=\"https:\/\/www.leeuwendamme.nl\/wp-content\/uploads\/2016\/07\/DSC05282-300x201.jpg 300w, https:\/\/www.leeuwendamme.nl\/wp-content\/uploads\/2016\/07\/DSC05282-768x514.jpg 768w, https:\/\/www.leeuwendamme.nl\/wp-content\/uploads\/2016\/07\/DSC05282.jpg 1024w\" sizes=\"auto, (max-width: 300px) 100vw, 300px\" \/><\/a>\n\t\t\t<\/dt><\/dl><dl class='gallery-item'>\n\t\t\t<dt class='gallery-icon landscape'>\n\t\t\t\t<a href='https:\/\/www.leeuwendamme.nl\/wp-content\/uploads\/2016\/07\/DSC05279.jpg'><img loading=\"lazy\" decoding=\"async\" width=\"300\" height=\"201\" src=\"https:\/\/www.leeuwendamme.nl\/wp-content\/uploads\/2016\/07\/DSC05279-300x201.jpg\" class=\"attachment-medium size-medium\" alt=\"\" srcset=\"https:\/\/www.leeuwendamme.nl\/wp-content\/uploads\/2016\/07\/DSC05279-300x201.jpg 300w, https:\/\/www.leeuwendamme.nl\/wp-content\/uploads\/2016\/07\/DSC05279-768x514.jpg 768w, https:\/\/www.leeuwendamme.nl\/wp-content\/uploads\/2016\/07\/DSC05279.jpg 1024w\" sizes=\"auto, (max-width: 300px) 100vw, 300px\" \/><\/a>\n\t\t\t<\/dt><\/dl><br style=\"clear: both\" \/><dl class='gallery-item'>\n\t\t\t<dt class='gallery-icon landscape'>\n\t\t\t\t<a href='https:\/\/www.leeuwendamme.nl\/wp-content\/uploads\/2016\/07\/DSC05271.jpg'><img loading=\"lazy\" decoding=\"async\" width=\"300\" height=\"201\" src=\"https:\/\/www.leeuwendamme.nl\/wp-content\/uploads\/2016\/07\/DSC05271-300x201.jpg\" class=\"attachment-medium size-medium\" alt=\"\" srcset=\"https:\/\/www.leeuwendamme.nl\/wp-content\/uploads\/2016\/07\/DSC05271-300x201.jpg 300w, https:\/\/www.leeuwendamme.nl\/wp-content\/uploads\/2016\/07\/DSC05271-768x514.jpg 768w, https:\/\/www.leeuwendamme.nl\/wp-content\/uploads\/2016\/07\/DSC05271.jpg 1024w\" sizes=\"auto, (max-width: 300px) 100vw, 300px\" \/><\/a>\n\t\t\t<\/dt><\/dl><dl class='gallery-item'>\n\t\t\t<dt class='gallery-icon landscape'>\n\t\t\t\t<a href='https:\/\/www.leeuwendamme.nl\/wp-content\/uploads\/2016\/07\/DSC05288.jpg'><img loading=\"lazy\" decoding=\"async\" width=\"300\" height=\"201\" src=\"https:\/\/www.leeuwendamme.nl\/wp-content\/uploads\/2016\/07\/DSC05288-300x201.jpg\" class=\"attachment-medium size-medium\" alt=\"\" aria-describedby=\"gallery-3-254\" srcset=\"https:\/\/www.leeuwendamme.nl\/wp-content\/uploads\/2016\/07\/DSC05288-300x201.jpg 300w, https:\/\/www.leeuwendamme.nl\/wp-content\/uploads\/2016\/07\/DSC05288-768x514.jpg 768w, https:\/\/www.leeuwendamme.nl\/wp-content\/uploads\/2016\/07\/DSC05288.jpg 1024w\" sizes=\"auto, (max-width: 300px) 100vw, 300px\" \/><\/a>\n\t\t\t<\/dt>\n\t\t\t\t<dd class='wp-caption-text gallery-caption' id='gallery-3-254'>\n\t\t\t\tDe speeltuin\n\t\t\t\t<\/dd><\/dl><dl class='gallery-item'>\n\t\t\t<dt class='gallery-icon landscape'>\n\t\t\t\t<a href='https:\/\/www.leeuwendamme.nl\/wp-content\/uploads\/2016\/07\/DJI_00071.jpg'><img loading=\"lazy\" decoding=\"async\" width=\"300\" height=\"225\" src=\"https:\/\/www.leeuwendamme.nl\/wp-content\/uploads\/2016\/07\/DJI_00071-300x225.jpg\" class=\"attachment-medium size-medium\" alt=\"\" aria-describedby=\"gallery-3-464\" srcset=\"https:\/\/www.leeuwendamme.nl\/wp-content\/uploads\/2016\/07\/DJI_00071-300x225.jpg 300w, https:\/\/www.leeuwendamme.nl\/wp-content\/uploads\/2016\/07\/DJI_00071-768x576.jpg 768w, https:\/\/www.leeuwendamme.nl\/wp-content\/uploads\/2016\/07\/DJI_00071-1024x768.jpg 1024w\" sizes=\"auto, (max-width: 300px) 100vw, 300px\" \/><\/a>\n\t\t\t<\/dt>\n\t\t\t\t<dd class='wp-caption-text gallery-caption' id='gallery-3-464'>\n\t\t\t\tVanuit de lucht gezien.\n\t\t\t\t<\/dd><\/dl><br style=\"clear: both\" \/>\n\t\t<\/div>\n\n<p><\/div><\/p>\n<div class=\"col2 shortcol  \" data-width=\"\" >\n\n\t\t<style type=\"text\/css\">\n\t\t\t#gallery-4 {\n\t\t\t\tmargin: auto;\n\t\t\t}\n\t\t\t#gallery-4 .gallery-item {\n\t\t\t\tfloat: left;\n\t\t\t\tmargin-top: 10px;\n\t\t\t\ttext-align: center;\n\t\t\t\twidth: 25%;\n\t\t\t}\n\t\t\t#gallery-4 img {\n\t\t\t\tborder: 2px solid #cfcfcf;\n\t\t\t}\n\t\t\t#gallery-4 .gallery-caption {\n\t\t\t\tmargin-left: 0;\n\t\t\t}\n\t\t\t\/* see gallery_shortcode() in wp-includes\/media.php *\/\n\t\t<\/style>\n\t\t<div data-gallery-style=\"\" id='gallery-4' class='gallery galleryid-5 gallery-columns-4 gallery-size-thumbnail'><dl class='gallery-item'>\n\t\t\t<dt class='gallery-icon landscape'>\n\t\t\t\t<a href='https:\/\/www.leeuwendamme.nl\/wp-content\/uploads\/2016\/07\/DSC05245-1.jpg'><img loading=\"lazy\" decoding=\"async\" width=\"150\" height=\"150\" src=\"https:\/\/www.leeuwendamme.nl\/wp-content\/uploads\/2016\/07\/DSC05245-1-150x150.jpg\" class=\"attachment-thumbnail size-thumbnail\" alt=\"\" \/><\/a>\n\t\t\t<\/dt><\/dl><dl class='gallery-item'>\n\t\t\t<dt class='gallery-icon landscape'>\n\t\t\t\t<a href='https:\/\/www.leeuwendamme.nl\/wp-content\/uploads\/2016\/07\/DSC05253-1.jpg'><img loading=\"lazy\" decoding=\"async\" width=\"150\" height=\"150\" src=\"https:\/\/www.leeuwendamme.nl\/wp-content\/uploads\/2016\/07\/DSC05253-1-150x150.jpg\" class=\"attachment-thumbnail size-thumbnail\" alt=\"\" \/><\/a>\n\t\t\t<\/dt><\/dl><dl class='gallery-item'>\n\t\t\t<dt class='gallery-icon portrait'>\n\t\t\t\t<a href='https:\/\/www.leeuwendamme.nl\/wp-content\/uploads\/2016\/07\/DSC05250-1.jpg'><img loading=\"lazy\" decoding=\"async\" width=\"150\" height=\"150\" src=\"https:\/\/www.leeuwendamme.nl\/wp-content\/uploads\/2016\/07\/DSC05250-1-150x150.jpg\" class=\"attachment-thumbnail size-thumbnail\" alt=\"\" \/><\/a>\n\t\t\t<\/dt><\/dl><dl class='gallery-item'>\n\t\t\t<dt class='gallery-icon portrait'>\n\t\t\t\t<a href='https:\/\/www.leeuwendamme.nl\/wp-content\/uploads\/2016\/07\/DSC05254.jpg'><img loading=\"lazy\" decoding=\"async\" width=\"150\" height=\"150\" src=\"https:\/\/www.leeuwendamme.nl\/wp-content\/uploads\/2016\/07\/DSC05254-150x150.jpg\" class=\"attachment-thumbnail size-thumbnail\" alt=\"\" \/><\/a>\n\t\t\t<\/dt><\/dl><br style=\"clear: both\" \/><dl class='gallery-item'>\n\t\t\t<dt class='gallery-icon portrait'>\n\t\t\t\t<a href='https:\/\/www.leeuwendamme.nl\/wp-content\/uploads\/2016\/07\/DSC05248.jpg'><img loading=\"lazy\" decoding=\"async\" width=\"150\" height=\"150\" src=\"https:\/\/www.leeuwendamme.nl\/wp-content\/uploads\/2016\/07\/DSC05248-150x150.jpg\" class=\"attachment-thumbnail size-thumbnail\" alt=\"\" \/><\/a>\n\t\t\t<\/dt><\/dl><dl class='gallery-item'>\n\t\t\t<dt class='gallery-icon portrait'>\n\t\t\t\t<a href='https:\/\/www.leeuwendamme.nl\/wp-content\/uploads\/2016\/07\/DSC05249.jpg'><img loading=\"lazy\" decoding=\"async\" width=\"150\" height=\"150\" src=\"https:\/\/www.leeuwendamme.nl\/wp-content\/uploads\/2016\/07\/DSC05249-150x150.jpg\" class=\"attachment-thumbnail size-thumbnail\" alt=\"\" \/><\/a>\n\t\t\t<\/dt><\/dl><dl class='gallery-item'>\n\t\t\t<dt class='gallery-icon portrait'>\n\t\t\t\t<a href='https:\/\/www.leeuwendamme.nl\/wp-content\/uploads\/2016\/07\/28_afwasruimte.jpg'><img loading=\"lazy\" decoding=\"async\" width=\"150\" height=\"150\" src=\"https:\/\/www.leeuwendamme.nl\/wp-content\/uploads\/2016\/07\/28_afwasruimte-150x150.jpg\" class=\"attachment-thumbnail size-thumbnail\" alt=\"\" \/><\/a>\n\t\t\t<\/dt><\/dl><dl class='gallery-item'>\n\t\t\t<dt class='gallery-icon portrait'>\n\t\t\t\t<a href='https:\/\/www.leeuwendamme.nl\/wp-content\/uploads\/2016\/07\/29_badkamer.jpg'><img loading=\"lazy\" decoding=\"async\" width=\"150\" height=\"150\" src=\"https:\/\/www.leeuwendamme.nl\/wp-content\/uploads\/2016\/07\/29_badkamer-150x150.jpg\" class=\"attachment-thumbnail size-thumbnail\" alt=\"\" \/><\/a>\n\t\t\t<\/dt><\/dl><br style=\"clear: both\" \/>\n\t\t<\/div>\n\n<p><\/div><div class=\"col2 shortcol  \" data-width=\"\" ><\/p>\n<div>\n<h1>WC-Geb\u00e4ude<\/h1>\n<\/div>\n<p>Auf diesem moment renovieren und bauen wir neu an unsere Toiletten und Duschen.\u00a0Die zwei Familien Badezimmer bleiben wie Sie waren.\u00a0Bei denn Damen-und-Herren-Abteilung kommt Fussbodenheizung, grosse duschen mit ein abteilungswand so dass Ihre kleidung trokken bleibt und mehere waschbecken, eine ist abgeschieden von denn andere so Sie mehr privat haben oder ein Baby hilfen kan.\u00a0In unserem Sanit\u00e4rgeb\u00e4ude ist auch eine Waschk\u00fcche, wo vier Waschbecken und ein Waschen von Gem\u00fcse sind.\u00a0G\u00e4ste haben ausserdem die M\u00f6glichkeit eines gemeinsamen K\u00fchlschrank, Gefrierfach und Mikrowelle zur Verf\u00fcgung.<\/div><\/p>\n<p><img loading=\"lazy\" decoding=\"async\" class=\"alignnone size-full wp-image-415\" src=\"http:\/\/www.leeuwendamme.nl\/wp-content\/uploads\/2016\/07\/Plattegrond-Leeuwendamme.png\" alt=\"\" width=\"1261\" height=\"787\" srcset=\"https:\/\/www.leeuwendamme.nl\/wp-content\/uploads\/2016\/07\/Plattegrond-Leeuwendamme.png 1261w, https:\/\/www.leeuwendamme.nl\/wp-content\/uploads\/2016\/07\/Plattegrond-Leeuwendamme-300x187.png 300w, https:\/\/www.leeuwendamme.nl\/wp-content\/uploads\/2016\/07\/Plattegrond-Leeuwendamme-768x479.png 768w, https:\/\/www.leeuwendamme.nl\/wp-content\/uploads\/2016\/07\/Plattegrond-Leeuwendamme-1024x639.png 1024w\" sizes=\"auto, (max-width: 1261px) 100vw, 1261px\" \/><\/p>","protected":false},"excerpt":{"rendered":"","protected":false},"author":1,"featured_media":278,"parent":0,"menu_order":0,"comment_status":"closed","ping_status":"closed","template":"","meta":{"footnotes":""},"class_list":["post-5","page","type-page","status-publish","has-post-thumbnail","hentry"],"_links":{"self":[{"href":"https:\/\/www.leeuwendamme.nl\/de\/wp-json\/wp\/v2\/pages\/5","targetHints":{"allow":["GET"]}}],"collection":[{"href":"https:\/\/www.leeuwendamme.nl\/de\/wp-json\/wp\/v2\/pages"}],"about":[{"href":"https:\/\/www.leeuwendamme.nl\/de\/wp-json\/wp\/v2\/types\/page"}],"author":[{"embeddable":true,"href":"https:\/\/www.leeuwendamme.nl\/de\/wp-json\/wp\/v2\/users\/1"}],"replies":[{"embeddable":true,"href":"https:\/\/www.leeuwendamme.nl\/de\/wp-json\/wp\/v2\/comments?post=5"}],"version-history":[{"count":5,"href":"https:\/\/www.leeuwendamme.nl\/de\/wp-json\/wp\/v2\/pages\/5\/revisions"}],"predecessor-version":[{"id":498,"href":"https:\/\/www.leeuwendamme.nl\/de\/wp-json\/wp\/v2\/pages\/5\/revisions\/498"}],"wp:featuredmedia":[{"embeddable":true,"href":"https:\/\/www.leeuwendamme.nl\/de\/wp-json\/wp\/v2\/media\/278"}],"wp:attachment":[{"href":"https:\/\/www.leeuwendamme.nl\/de\/wp-json\/wp\/v2\/media?parent=5"}],"curies":[{"name":"wp","href":"https:\/\/api.w.org\/{rel}","templated":true}]}}